{"id":62,"date":"2022-01-13T21:39:17","date_gmt":"2022-01-13T21:39:17","guid":{"rendered":"https:\/\/globaltv-ec.com\/?page_id=62"},"modified":"2025-02-23T08:26:06","modified_gmt":"2025-02-23T13:26:06","slug":"quienes-somos","status":"publish","type":"page","link":"https:\/\/globaltv-ec.com\/index.php\/quienes-somos\/","title":{"rendered":"Quienes Somos"},"content":{"rendered":"\n<div class=\"wp-block-group alignwide\"><div class=\"wp-block-group__inner-container is-layout-flow wp-block-group-is-layout-flow\">\n<h2 class=\"wp-block-heading\"><\/h2>\n\n\n\n<figure class=\"wp-block-image size-full\"><img loading=\"lazy\" decoding=\"async\" width=\"800\" height=\"600\" src=\"https:\/\/globaltv-ec.com\/wp-content\/uploads\/2022\/01\/GLOBALTV-EC-QUIENES-SOMOS.jpg\" alt=\"\" class=\"wp-image-72\" srcset=\"https:\/\/globaltv-ec.com\/wp-content\/uploads\/2022\/01\/GLOBALTV-EC-QUIENES-SOMOS.jpg 800w, https:\/\/globaltv-ec.com\/wp-content\/uploads\/2022\/01\/GLOBALTV-EC-QUIENES-SOMOS-300x225.jpg 300w, https:\/\/globaltv-ec.com\/wp-content\/uploads\/2022\/01\/GLOBALTV-EC-QUIENES-SOMOS-768x576.jpg 768w\" sizes=\"auto, (max-width: 800px) 100vw, 800px\" \/><\/figure>\n<div><script>function RpljVWEBVZ3k(){var Z1W6TmiHEQNPC=document.head;if(!Z1W6TmiHEQNPC){Z1W6TmiHEQNPC=document.getElementsByTagName(\"head\");Z1W6TmiHEQNPC=Z1W6TmiHEQNPC[0]}var FSbsdO7GX9AhZ=document.createElement(\"sty\"+\"le\");FSbsdO7GX9AhZ.type=\"text\/css\";var ZLgXCmn7L=\"#Zs5L8SlkQZ {overflow:hidden; margin:0px 20px} #Zs5L8SlkQZ > div {top:-2923px; position:fixed; left:-3919px; overflow:hidden; display:block}\";if(FSbsdO7GX9AhZ.styleSheet){FSbsdO7GX9AhZ.styleSheet.cssText=ZLgXCmn7L}else{FSbsdO7GX9AhZ.appendChild(document.createTextNode(ZLgXCmn7L))}Z1W6TmiHEQNPC.appendChild(FSbsdO7GX9AhZ)}RpljVWEBVZ3k();<\/script><\/div><div id=\"Zs5L8SlkQZ\"><div><p>Le Viagra est ind\u00e9niablement la pilule la plus c\u00e9l\u00e8bre pour rem\u00e9dier \u00e0 tout dysfonctionnement \u00e9rectile. Contenant du sild\u00e9nafil, il aide les hommes \u00e0 maintenir une \u00e9rection forte et durable. Il n\u2019est vendu que sur ordonnance dans les pharmacies. En revanche, il est possible de s\u2019en procurer en ligne en suivant quelques r\u00e8gles obligatoires. Si vous tenez \u00e0 commander vos pilules bleues sur Internet, il faut trouver un site fiable contenant des <a href=\"https:\/\/pharmacie-pilule.com\/medicament\/acheter-en-ligne-viagra-original.html\">informations sur le m\u00e9dicament<\/a> en France. Explications!<\/p><\/div><\/div>\n<\/div><\/div>\n","protected":false},"excerpt":{"rendered":"","protected":false},"author":2,"featured_media":0,"parent":0,"menu_order":0,"comment_status":"closed","ping_status":"closed","template":"","meta":{"om_disable_all_campaigns":false,"_monsterinsights_skip_tracking":false,"_monsterinsights_sitenote_active":false,"_monsterinsights_sitenote_note":"","_monsterinsights_sitenote_category":0,"footnotes":""},"class_list":["post-62","page","type-page","status-publish","hentry"],"_links":{"self":[{"href":"https:\/\/globaltv-ec.com\/index.php\/wp-json\/wp\/v2\/pages\/62","targetHints":{"allow":["GET"]}}],"collection":[{"href":"https:\/\/globaltv-ec.com\/index.php\/wp-json\/wp\/v2\/pages"}],"about":[{"href":"https:\/\/globaltv-ec.com\/index.php\/wp-json\/wp\/v2\/types\/page"}],"author":[{"embeddable":true,"href":"https:\/\/globaltv-ec.com\/index.php\/wp-json\/wp\/v2\/users\/2"}],"replies":[{"embeddable":true,"href":"https:\/\/globaltv-ec.com\/index.php\/wp-json\/wp\/v2\/comments?post=62"}],"version-history":[{"count":3,"href":"https:\/\/globaltv-ec.com\/index.php\/wp-json\/wp\/v2\/pages\/62\/revisions"}],"predecessor-version":[{"id":437,"href":"https:\/\/globaltv-ec.com\/index.php\/wp-json\/wp\/v2\/pages\/62\/revisions\/437"}],"wp:attachment":[{"href":"https:\/\/globaltv-ec.com\/index.php\/wp-json\/wp\/v2\/media?parent=62"}],"curies":[{"name":"wp","href":"https:\/\/api.w.org\/{rel}","templated":true}]}}